{"id":762,"date":"2015-09-16T09:58:45","date_gmt":"2015-09-16T07:58:45","guid":{"rendered":"https:\/\/www.umweltpakt.bayern.de\/emaskompass\/?page_id=762"},"modified":"2020-10-05T12:42:28","modified_gmt":"2020-10-05T10:42:28","slug":"der-bayerische-emas-kompass","status":"publish","type":"page","link":"https:\/\/www.umweltpakt.bayern.de\/emaskompass\/","title":{"rendered":"Der Bayerische EMAS-Kompass"},"content":{"rendered":"\r\n\t\t\t<div class=\"youtube_video_seitenbreite\">\r\n\t\t\t\t\r\n\t\t\t\t<div class=\"js yt\">\r\n\t\t\t\t\t<a name=\"eltahAQwM2k\"><\/a>\r\n\t\t\t\t\t\t\t<div id=\"eltahAQwM2k\" class=\"yt_placeholder content_gr\" >\r\n\t\t\t\t\t\t\t\t<a class=\"youtube overlay yt_thumb\" href=\"#\"><img decoding=\"async\" src=\"\/\/img.youtube.com\/vi\/eltahAQwM2k\/mqdefault.jpg\" alt=\"Eingebettete YouTube-Videos aktivieren\" title=\"Eingebettete YouTube-Videos aktivieren\" \/>\r\n\t\t\t\t\t\t\t\t<\/a>\r\n\t\t\t\t\t\t\t<\/div>\r\n\t\t\t\t\t\t\t<div id=\"yt_overlay_eltahAQwM2k\" class=\"yt_overlay\">\r\n\t\t\t\t\t\t\t\t<img decoding=\"async\" class=\"youtube_bg_image\" src=\"\/\/img.youtube.com\/vi\/eltahAQwM2k\/mqdefault.jpg\" alt=\"Eingebettete YouTube-Videos aktivieren\" title=\"Eingebettete YouTube-Videos aktivieren\" \/>\r\n\t\t\t\t\t\t\t\t<p style=\"min-height:275px;\">\r\n\t\t\t\t\t\t\t\tDurch das Klicken auf \"Youtube aktivieren\" werden in Zukunft Youtube-Videos direkt in die Seite eingebettet. Wir weisen darauf hin, dass nach der Aktivierung Daten an Youtube \u00fcbermittelt werden. Die Aktivierung kann auch dauerhaft wieder r\u00fcckg\u00e4ngig gemacht werden, indem Sie unterhalb des Videos auf \"Youtube deaktivieren\" klicken.<br \/>\r\n\t\t\t\t\t\t\t\t<a href=\"\/\/www.lfu.bayern.de\/datenschutz\/index.htm\" class=\"youtube moreinfo\">Weitere Informationen<\/a><br \/>\r\n\t\t\t\t\t\t\t\t<a href=\"\/\/www.youtube.com\/watch?v=eltahAQwM2k\" title=\"Link extern\">Video auf Youtube ansehen<\/a><br \/><br \/>\r\n\t\t\t\t\t\t\t\t<strong><a href=\"https:\/\/www.umweltpakt.bayern.de\/emaskompass\/wp-json\/wp\/v2\/pages\/762?set_youtube=true#eltahAQwM2k\" class=\"youtube activate\">&#9658; Youtube aktivieren<\/a><\/strong>\r\n\t\t\t\t\t\t\t\t<\/p>\r\n\t\t\t\t\t\t\t<\/div>\r\n\t\t\t\t<\/div>\r\n\t\t\t\t<div class=\"nojs\">\r\n\t\t\t\t\t<a href=\"\/\/www.youtube.com\/watch?v=eltahAQwM2k\"><img loading=\"lazy\" decoding=\"async\" src=\"\/\/img.youtube.com\/vi\/eltahAQwM2k\/mqdefault.jpg\" alt=\"Externer Link zu YouTube\" title=\"Externer Link zu YouTube\" width=\"535\" height=\"301\" \/><\/a>\r\n\t\t\t\t<\/div>\r\n\t\t\t\t\r\n\t\t\t\t\r\n\t\t\t<\/div>\n<p>Der Bayerische <abbr title=\"Eco-Management and Audit Scheme\">EMAS<\/abbr>-Kompass ist das Ergebnis des Pilotprojektes \u201eSchritt f\u00fcr Schritt von \u00d6KOPROFIT\/QuB zu EMAS\u201c. Mit seinen Hauptbestandteilen &#8211; <strong>Arbeitsmaterialien<\/strong> und einer <strong>Schritt f\u00fcr Schritt-Anleitung<\/strong> mit <strong>Filmbeitr\u00e4gen<\/strong> unterst\u00fctzt er Betriebe auf dem Weg zu EMAS &#8211; dem weltweit anspruchsvollsten Umweltmanagementsystem. Die beteiligten Pilotbetriebe haben es in weniger als einem Jahr geschafft die EMAS Validierung erfolgreich zu meistern.<\/p>\n<p><strong>Der EMAS-Kompass wurde an die inhaltlichen \u00c4nderungen der EMAS Novelle 2017\/2019 angepasst.<\/strong><\/p>\n<p>Im Zuge eines weiteren Pilotprojektes wurde mit Betrieben, die ein Energieaudit nach DIN EN 16247-1 durchgef\u00fchrt haben, gearbeitet. Ziel war es, die Energieauditinhalte f\u00fcr ein Umweltmanagementsystem nach EMAS zu nutzen und darauf aufzubauen.<\/p>\n<div id=\"teaserblock\" class=\"tbk_allgemein\">\n<div class=\"content_teaser\">\n<h3>Arbeitsmaterialien<\/h3>\n<p>Mit den Arbeitsmaterialien k\u00f6nnen Sie Schritt f\u00fcr Schritt ein Umweltmanagementsystem nach EMAS in Ihrem Unternehmen einf\u00fchren. Nutzen Sie die Listen um Ihre Energiedaten einzutragen. Erstellen Sie mit den Vorlagen die notwendige Dokumentation f\u00fcr Ihr Umweltmanagementsystem und Ihre Umwelterkl\u00e4rung. Passen Sie die Mustertexte individuell an. Sind Sie schon \u00d6KOPROFIT- oder QuB-Betrieb? Dann erfahren Sie, wie Sie Ihre Vorlagen auf dem Weg zu EMAS nutzen k\u00f6nnen.<\/p>\n<p>Ein Bestandteil der Arbeitsmaterialien ist ein optionales <strong>Zusatzmodul Energie. <\/strong>Dieses unterst\u00fctzt Sie dabei, Ihren Energieverbrauch n\u00e4her zu betrachten, um gezielter Energieeffizienzma\u00dfnahmen zu entwickeln und Ihre Energieeffizienz zu verbessern.<\/p>\n<ul class=\"linkliste\">\n<li class=\"intern\"><a title=\"Arbeitsmaterialien\" href=\"https:\/\/www.umweltpakt.bayern.de\/emaskompass\/arbeitsmaterialien\/\">Arbeitsmaterialien<\/a><\/li>\n<\/ul>\n<\/div>\n<\/div>\n<h3><\/h3>\n<div id=\"teaserblock\" class=\"tbk_allgemein\">\n<div class=\"content_teaser\">\n<div class=\"content_teaser_text\"><\/div>\n<\/div>\n<\/div>\n","protected":false},"excerpt":{"rendered":"<p>Der Bayerische EMAS-Kompass ist das Ergebnis des Pilotprojektes \u201eSchritt f\u00fcr Schritt von \u00d6KOPROFIT\/QuB zu EMAS\u201c. Mit seinen Hauptbestandteilen &#8211; Arbeitsmaterialien und einer Schritt f\u00fcr Schritt-Anleitung mit Filmbeitr\u00e4gen unterst\u00fctzt er Betriebe auf dem Weg zu EMAS &#8211; dem weltweit anspruchsvollsten Umweltmanagementsystem. Die beteiligten Pilotbetriebe haben es in weniger als einem Jahr geschafft die EMAS Validierung erfolgreich [&hellip;]<\/p>\n","protected":false},"author":1,"featured_media":0,"parent":0,"menu_order":0,"comment_status":"closed","ping_status":"open","template":"","meta":{"footnotes":""},"class_list":["post-762","page","type-page","status-publish","hentry"],"_links":{"self":[{"href":"https:\/\/www.umweltpakt.bayern.de\/emaskompass\/wp-json\/wp\/v2\/pages\/762","targetHints":{"allow":["GET"]}}],"collection":[{"href":"https:\/\/www.umweltpakt.bayern.de\/emaskompass\/wp-json\/wp\/v2\/pages"}],"about":[{"href":"https:\/\/www.umweltpakt.bayern.de\/emaskompass\/wp-json\/wp\/v2\/types\/page"}],"author":[{"embeddable":true,"href":"https:\/\/www.umweltpakt.bayern.de\/emaskompass\/wp-json\/wp\/v2\/users\/1"}],"replies":[{"embeddable":true,"href":"https:\/\/www.umweltpakt.bayern.de\/emaskompass\/wp-json\/wp\/v2\/comments?post=762"}],"version-history":[{"count":23,"href":"https:\/\/www.umweltpakt.bayern.de\/emaskompass\/wp-json\/wp\/v2\/pages\/762\/revisions"}],"predecessor-version":[{"id":1059,"href":"https:\/\/www.umweltpakt.bayern.de\/emaskompass\/wp-json\/wp\/v2\/pages\/762\/revisions\/1059"}],"wp:attachment":[{"href":"https:\/\/www.umweltpakt.bayern.de\/emaskompass\/wp-json\/wp\/v2\/media?parent=762"}],"curies":[{"name":"wp","href":"https:\/\/api.w.org\/{rel}","templated":true}]}}