{"id":764,"date":"2015-09-16T10:02:02","date_gmt":"2015-09-16T08:02:02","guid":{"rendered":"https:\/\/www.umweltpakt.bayern.de\/emaskompass\/?page_id=764"},"modified":"2021-10-18T14:28:07","modified_gmt":"2021-10-18T12:28:07","slug":"arbeitsmaterialien","status":"publish","type":"page","link":"https:\/\/www.umweltpakt.bayern.de\/emaskompass\/arbeitsmaterialien\/","title":{"rendered":"Die Arbeitsmaterialien des Bayerischen EMAS-Kompass"},"content":{"rendered":"<p>Mit den Arbeitsmaterialien f\u00fchren Sie Schritt f\u00fcr Schritt ein Umweltmanagementsystem ein und erarbeiten Kapitel f\u00fcr Kapitel die hierf\u00fcr notwendige Dokumentation.<\/p>\n<p>Die Materialien wurden an die inhaltlichen \u00c4nderungen der EMAS-Novelle 2017\/2019 angepasst.<\/p>\n<p><strong>Die Arbeitsmaterialien bestehen aus:<\/strong><\/p>\n<ul>\n<li>einer Anleitung<\/li>\n<li>einem Bearbeitungstool<\/li>\n<li>verschiedenen Vorlagen<\/li>\n<li>mitgeltenden Unterlagen\u00a0<\/li>\n<li>Merkbl\u00e4ttern und einem<\/li>\n<li>optionalen Zusatzmodul Energie.<\/li>\n<\/ul>\n<p>Das <strong>Zusatzmodul Energie<\/strong> zur Vertiefung des Umweltaspekts Energie kann mit den Arbeitsbl\u00e4ttern 7.1 und 7.2 der Datenerhebung erarbeitet werden. Es dient dazu, eine h\u00f6here Transparenz \u00fcber die Energiefl\u00fcsse zu erhalten und Energieeffizienzpotenziale zu identifizieren. Bestandteile sind die Bewertung der Energieverbraucher, die Ermittlung von Energiekennzahlen, die Erfassung der monatlichen Energieverbr\u00e4uche sowie die Festlegung von Energiezielen und Ma\u00dfnahmen.<\/p>\n<p><strong>Die Arbeitsmaterialien sind in einem Ordner zusammengefasst, den Sie als zip-Datei herunterladen k\u00f6nnen.<\/strong><\/p>\n<ul class=\"linkliste\">\n<li class=\"intern\"><a href=\"https:\/\/www.umweltpakt.bayern.de\/download\/zip\/bayerischer_emas-kompass_arbeitsmaterialien.zip\"><strong>Download der Arbeitsmaterialien zum Bayerischen EMAS-Kompass<\/strong><\/a> &#8211; ZIP<\/li>\n<\/ul>\n<p>Mit den Arbeitsmaterialien steigen Sie dort ein, wo Sie gerade stehen. Wie das funktioniert und wie Sie die Arbeitsmaterialien richtig anwenden, zeigen wir Ihnen in unserem Tutorial. Eine schriftliche Anleitung zur Anwendung der Arbeitsmaterialien finden Sie au\u00dferdem im zip-Ordner unter \u201e0. Anleitung\u201c.<\/p>\n<h2>Tutorial<\/h2>\n<h3>Wie k\u00f6nnen die Arbeitsmaterialien genutzt werden?<\/h3>\n<p>Unser Tutorial erl\u00e4utert Ihnen die Anwendung der Arbeitsmaterialien des Bayerischen EMAS-Kompass. Sie erhalten einen \u00dcberblick \u00fcber die Bestandteile der Arbeitsmaterialien und eine Anleitung zur Bearbeitung der einzelnen Dokumente. Es beinhaltet auch eine Erl\u00e4uterung des Zusatzmoduls Energie.<b><\/b><\/p>\n\r\n\t\t\t<div class=\"youtube_video_seitenbreite\">\r\n\t\t\t\t\r\n\t\t\t\t<div class=\"js yt\">\r\n\t\t\t\t\t<a name=\"KySM8FAuimA\"><\/a>\r\n\t\t\t\t\t\t\t<div id=\"KySM8FAuimA\" class=\"yt_placeholder content_gr\" >\r\n\t\t\t\t\t\t\t\t<a class=\"youtube overlay yt_thumb\" href=\"#\"><img decoding=\"async\" src=\"\/\/img.youtube.com\/vi\/KySM8FAuimA\/mqdefault.jpg\" alt=\"Eingebettete YouTube-Videos aktivieren\" title=\"Eingebettete YouTube-Videos aktivieren\" \/>\r\n\t\t\t\t\t\t\t\t<\/a>\r\n\t\t\t\t\t\t\t<\/div>\r\n\t\t\t\t\t\t\t<div id=\"yt_overlay_KySM8FAuimA\" class=\"yt_overlay\">\r\n\t\t\t\t\t\t\t\t<img decoding=\"async\" class=\"youtube_bg_image\" src=\"\/\/img.youtube.com\/vi\/KySM8FAuimA\/mqdefault.jpg\" alt=\"Eingebettete YouTube-Videos aktivieren\" title=\"Eingebettete YouTube-Videos aktivieren\" \/>\r\n\t\t\t\t\t\t\t\t<p style=\"min-height:275px;\">\r\n\t\t\t\t\t\t\t\tDurch das Klicken auf \"Youtube aktivieren\" werden in Zukunft Youtube-Videos direkt in die Seite eingebettet. Wir weisen darauf hin, dass nach der Aktivierung Daten an Youtube \u00fcbermittelt werden. Die Aktivierung kann auch dauerhaft wieder r\u00fcckg\u00e4ngig gemacht werden, indem Sie unterhalb des Videos auf \"Youtube deaktivieren\" klicken.<br \/>\r\n\t\t\t\t\t\t\t\t<a href=\"\/\/www.lfu.bayern.de\/datenschutz\/index.htm\" class=\"youtube moreinfo\">Weitere Informationen<\/a><br \/>\r\n\t\t\t\t\t\t\t\t<a href=\"\/\/www.youtube.com\/watch?v=KySM8FAuimA\" title=\"Link extern\">Video auf Youtube ansehen<\/a><br \/><br \/>\r\n\t\t\t\t\t\t\t\t<strong><a href=\"https:\/\/www.umweltpakt.bayern.de\/emaskompass\/wp-json\/wp\/v2\/pages\/764?set_youtube=true#KySM8FAuimA\" class=\"youtube activate\">&#9658; Youtube aktivieren<\/a><\/strong>\r\n\t\t\t\t\t\t\t\t<\/p>\r\n\t\t\t\t\t\t\t<\/div>\r\n\t\t\t\t<\/div>\r\n\t\t\t\t<div class=\"nojs\">\r\n\t\t\t\t\t<a href=\"\/\/www.youtube.com\/watch?v=KySM8FAuimA\"><img loading=\"lazy\" decoding=\"async\" src=\"\/\/img.youtube.com\/vi\/KySM8FAuimA\/mqdefault.jpg\" alt=\"Externer Link zu YouTube\" title=\"Externer Link zu YouTube\" width=\"535\" height=\"301\" \/><\/a>\r\n\t\t\t\t<\/div>\r\n\t\t\t\t\r\n\t\t\t\t\r\n\t\t\t<\/div>\n<h2>EMAS-CHECK<\/h2>\n<h3>Welche Bausteine von EMAS sind in Ihrem Unternehmen bereits vorhanden?<\/h3>\n<p>Ermitteln Sie mit Hilfe unserer EMAS-Checkliste Ihren \u201eEMAS III Erf\u00fcllungsgrad\u201c.<br \/>Und so schnell kann es gehen: Checkliste downloaden und nach nur 24 beantworteten Fragen wissen Sie mehr:<\/p>\n<ul class=\"linkliste\">\n<li class=\"intern\"><a href=\"https:\/\/www.umweltpakt.bayern.de\/download\/xls\/emas_checkliste.xlsx\">EMAS-Checkliste<\/a> &#8211; XLSX<\/li>\n<\/ul>\n<h2>Glossar<\/h2>\n<p>Im Zusammenhang mit EMAS werden verschiedene Begriffe verwendet, die sich nicht auf den ersten Blick erschlie\u00dfen.<\/p>\n<p>Im Folgenden haben wir Ihnen die wichtigsten Begriffsdefinitionen zu EMAS und zu den Arbeitsmaterialien des Bayerischen EMAS-Kompass zusammengestellt:<\/p>\n<ul class=\"linkliste\">\n<li class=\"intern\"><a href=\"https:\/\/www.umweltpakt.bayern.de\/emaskompass\/2015\/02\/glossar\/\">Glossar<\/a><\/li>\n<\/ul>\n\n\n<p><\/p>\n","protected":false},"excerpt":{"rendered":"<p>Mit den Arbeitsmaterialien f\u00fchren Sie Schritt f\u00fcr Schritt ein Umweltmanagementsystem ein und erarbeiten Kapitel f\u00fcr Kapitel die hierf\u00fcr notwendige Dokumentation. Die Materialien wurden an die inhaltlichen \u00c4nderungen der EMAS-Novelle 2017\/2019 angepasst. Die Arbeitsmaterialien bestehen aus: einer Anleitung einem Bearbeitungstool verschiedenen Vorlagen mitgeltenden Unterlagen\u00a0 Merkbl\u00e4ttern und einem optionalen Zusatzmodul Energie. Das Zusatzmodul Energie zur Vertiefung des [&hellip;]<\/p>\n","protected":false},"author":1,"featured_media":0,"parent":0,"menu_order":0,"comment_status":"closed","ping_status":"open","template":"","meta":{"footnotes":""},"class_list":["post-764","page","type-page","status-publish","hentry"],"_links":{"self":[{"href":"https:\/\/www.umweltpakt.bayern.de\/emaskompass\/wp-json\/wp\/v2\/pages\/764","targetHints":{"allow":["GET"]}}],"collection":[{"href":"https:\/\/www.umweltpakt.bayern.de\/emaskompass\/wp-json\/wp\/v2\/pages"}],"about":[{"href":"https:\/\/www.umweltpakt.bayern.de\/emaskompass\/wp-json\/wp\/v2\/types\/page"}],"author":[{"embeddable":true,"href":"https:\/\/www.umweltpakt.bayern.de\/emaskompass\/wp-json\/wp\/v2\/users\/1"}],"replies":[{"embeddable":true,"href":"https:\/\/www.umweltpakt.bayern.de\/emaskompass\/wp-json\/wp\/v2\/comments?post=764"}],"version-history":[{"count":19,"href":"https:\/\/www.umweltpakt.bayern.de\/emaskompass\/wp-json\/wp\/v2\/pages\/764\/revisions"}],"predecessor-version":[{"id":1069,"href":"https:\/\/www.umweltpakt.bayern.de\/emaskompass\/wp-json\/wp\/v2\/pages\/764\/revisions\/1069"}],"wp:attachment":[{"href":"https:\/\/www.umweltpakt.bayern.de\/emaskompass\/wp-json\/wp\/v2\/media?parent=764"}],"curies":[{"name":"wp","href":"https:\/\/api.w.org\/{rel}","templated":true}]}}