{"id":768,"date":"2015-09-16T10:05:22","date_gmt":"2015-09-16T08:05:22","guid":{"rendered":"https:\/\/www.umweltpakt.bayern.de\/emaskompass\/?page_id=768"},"modified":"2020-10-01T16:59:00","modified_gmt":"2020-10-01T14:59:00","slug":"schritt-fuer-schritt","status":"publish","type":"page","link":"https:\/\/www.umweltpakt.bayern.de\/emaskompass\/schritt-fuer-schritt\/","title":{"rendered":"Schritt f\u00fcr Schritt zu EMAS \u2013 mit dem Bayerischen EMAS-Kompass ist der Weg nicht weit!"},"content":{"rendered":"<p>F\u00fcr die Einf\u00fchrung eines Umweltmanagementsystems nach <abbr title=\"Eco-Management and Audit Scheme\">EMAS<\/abbr> sind mit dem Bayerischen EMAS-Kompass nur acht Schritte n\u00f6tig. Diese Schritte finden Sie wieder in den Arbeitsmaterialien und in den Film- und Textbeitr\u00e4gen. Mit einem Klick auf die Schritte in der Grafik gelangen Sie zu den jeweiligen Beitr\u00e4gen und erfahren wie es den Pilotbetrieben ergangen ist und welche Tipps von Experten f\u00fcr die Einf\u00fchrung von EMAS gegeben werden.<\/p>\n<p><img decoding=\"async\" src=\"https:\/\/www.umweltpakt.bayern.de\/emaskompass\/wp-content\/uploads\/2020\/07\/schritte_neu.png\" alt=\"\" usemap=\"#map1\" \/><\/p>\n<map id=\"map1\" name=\"map1\">\n<area coords=\"63,58,185,139\" shape=\"rect\" href=\"https:\/\/www.umweltpakt.bayern.de\/emaskompass\/tag\/schritt-8\" \/>\n<area coords=\"61,346,187,426\" shape=\"rect\" href=\"https:\/\/www.umweltpakt.bayern.de\/emaskompass\/tag\/schritt-6\" \/>\n<area coords=\"204,402,328,483\" shape=\"rect\" href=\"https:\/\/www.umweltpakt.bayern.de\/emaskompass\/tag\/schritt-5\" \/>\n<area coords=\"350,344,472,423\" shape=\"rect\" href=\"https:\/\/www.umweltpakt.bayern.de\/emaskompass\/tag\/schritt-4\" \/>\n<area coords=\"408,205,533,285\" shape=\"rect\" href=\"https:\/\/www.umweltpakt.bayern.de\/emaskompass\/tag\/schritt-3\" \/>\n<area coords=\"348,61,474,141\" shape=\"rect\" href=\"https:\/\/www.umweltpakt.bayern.de\/emaskompass\/tag\/schritt-2\" \/>\n<area coords=\"204,1,330,81\" shape=\"rect\" href=\"https:\/\/www.umweltpakt.bayern.de\/emaskompass\/tag\/schritt-1\" \/>\n<area coords=\"3,204,125,285\" shape=\"rect\" href=\"https:\/\/www.umweltpakt.bayern.de\/emaskompass\/tag\/schritt-7\" \/>\n <\/map>\n<p><a title=\"Link intern\" href=\"https:\/\/www.umweltpakt.bayern.de\/emaskompass\/tag\/schritt-1\"> Schritt 1<\/a>: Zun\u00e4chst wird der Anwendungsbereich f\u00fcr EMAS festgelegt. Dann werden im Zuge einer <strong>Umweltpr\u00fcfung<\/strong> der Kontext und die interessierten Parteien analysiert sowie Chancen und Risiken identifiziert. Des Weiteren werden Umweltaspekte bzw. Umweltauswirkungen ermittelt und bewertet und eine \u00dcbersicht der umweltrechtlichen Anforderungen erstellt sowie deren Einhaltung sichergestellt.<\/p>\n<p><a title=\"Link intern\" href=\"https:\/\/www.umweltpakt.bayern.de\/emaskompass\/tag\/schritt-2\"> Schritt 2<\/a>: Im n\u00e4chsten Schritt sind von der obersten Leitung Ansprechpartner f\u00fcr das Umweltmanagementsystem festzulegen und Ressourcen freizugeben. Die <strong>Umweltpolitik<\/strong> f\u00fcr den Standort bzw. das Unternehmen muss erarbeitet werden sowie <strong>Zust\u00e4ndigkeiten<\/strong> und Verantwortlichkeiten zugewiesen werden.<\/p>\n<p><a title=\"Link intern\" href=\"https:\/\/www.umweltpakt.bayern.de\/emaskompass\/tag\/schritt-3\"> Schritt 3<\/a>: Bei der sich anschlie\u00dfenden Planung werden unter Ber\u00fccksichtigung der Umweltpr\u00fcfung <strong>Umweltziele <\/strong>mit <strong>Ma\u00dfnahmen<\/strong> im Umweltprogramm definiert.<\/p>\n<p><a title=\"Link intern\" href=\"https:\/\/www.umweltpakt.bayern.de\/emaskompass\/tag\/schritt-4\"> Schritt 4<\/a>: Darauf aufbauend sind Mitarbeitende zu schulen und die <strong>Kommunikation<\/strong> (darunter auch die Umwelterkl\u00e4rung) zu regeln. Weitere <strong>Dokumentation <\/strong>f\u00fcr das Umweltmanagementsystem muss erstellt und gelenkt werden.<\/p>\n<p><a title=\"Link intern\" href=\"https:\/\/www.umweltpakt.bayern.de\/emaskompass\/tag\/schritt-5\"> Schritt 5<\/a>: Anschlie\u00dfend kann das Umweltmanagementsystem mit allen seinen Bestandteilen eingef\u00fchrt und verwirklicht werden. Dazu sind zur Notfallvorsorge Vorbeugungsma\u00dfnahmen zu treffen.<\/p>\n<p><a title=\"Link intern\" href=\"https:\/\/www.umweltpakt.bayern.de\/emaskompass\/tag\/schritt-6\"> Schritt 6<\/a>: Nach erfolgreicher Umsetzung des Umweltmanagementsystems erfolgt dann die \u00dcberpr\u00fcfung der Funktionsf\u00e4higkeit des Umweltmanagementsystems im Rahmen der <strong>Umweltbetriebspr\u00fcfung<\/strong>. Auf Basis der Ergebnisse kann die oberste Leitung eine <strong>Bewertung<\/strong> der Funktionsf\u00e4higkeit und Effektivit\u00e4t des Umweltmanagementsystems vornehmen.<\/p>\n<p><a title=\"Link intern\" href=\"https:\/\/www.umweltpakt.bayern.de\/emaskompass\/tag\/schritt-7\"> Schritt 7<\/a>: Bei Abweichungen aus der Umweltbetriebspr\u00fcfung sind Korrekturma\u00dfnahmen festzulegen. Dar\u00fcber hinaus ist die fortlaufende <strong>Verbesserung<\/strong> der Umweltleistung zu f\u00f6rdern.<\/p>\n<p><a title=\"Link intern\" href=\"https:\/\/www.umweltpakt.bayern.de\/emaskompass\/tag\/schritt-8\">Schritt 8<\/a>: Zum Schluss erfolgt die <strong>Validierung<\/strong> des Systems durch einen zugelassenen Umweltgutachter und \u2013 nach erfolgreicher Antragstellung bei der Registrierungsstelle \u2013 die Eintragung in das EMAS Register.<\/p>\n<p><strong>Die Arbeitsmaterialien des Bayerischen EMAS-Kompass f\u00fchren Sie durch diese acht Schritte<\/strong>.<\/p>\n<p><a class=\"link_intern\" title=\"Arbeitsmaterialien\" href=\"https:\/\/www.umweltpakt.bayern.de\/emaskompass\/arbeitsmaterialien\/\">Arbeitsmaterialien<\/a><\/p>\n","protected":false},"excerpt":{"rendered":"<p>F\u00fcr die Einf\u00fchrung eines Umweltmanagementsystems nach EMAS sind mit dem Bayerischen EMAS-Kompass nur acht Schritte n\u00f6tig. Diese Schritte finden Sie wieder in den Arbeitsmaterialien und in den Film- und Textbeitr\u00e4gen. Mit einem Klick auf die Schritte in der Grafik gelangen Sie zu den jeweiligen Beitr\u00e4gen und erfahren wie es den Pilotbetrieben ergangen ist und welche [&hellip;]<\/p>\n","protected":false},"author":1,"featured_media":0,"parent":0,"menu_order":0,"comment_status":"closed","ping_status":"open","template":"","meta":{"footnotes":""},"class_list":["post-768","page","type-page","status-publish","hentry"],"_links":{"self":[{"href":"https:\/\/www.umweltpakt.bayern.de\/emaskompass\/wp-json\/wp\/v2\/pages\/768","targetHints":{"allow":["GET"]}}],"collection":[{"href":"https:\/\/www.umweltpakt.bayern.de\/emaskompass\/wp-json\/wp\/v2\/pages"}],"about":[{"href":"https:\/\/www.umweltpakt.bayern.de\/emaskompass\/wp-json\/wp\/v2\/types\/page"}],"author":[{"embeddable":true,"href":"https:\/\/www.umweltpakt.bayern.de\/emaskompass\/wp-json\/wp\/v2\/users\/1"}],"replies":[{"embeddable":true,"href":"https:\/\/www.umweltpakt.bayern.de\/emaskompass\/wp-json\/wp\/v2\/comments?post=768"}],"version-history":[{"count":18,"href":"https:\/\/www.umweltpakt.bayern.de\/emaskompass\/wp-json\/wp\/v2\/pages\/768\/revisions"}],"predecessor-version":[{"id":1056,"href":"https:\/\/www.umweltpakt.bayern.de\/emaskompass\/wp-json\/wp\/v2\/pages\/768\/revisions\/1056"}],"wp:attachment":[{"href":"https:\/\/www.umweltpakt.bayern.de\/emaskompass\/wp-json\/wp\/v2\/media?parent=768"}],"curies":[{"name":"wp","href":"https:\/\/api.w.org\/{rel}","templated":true}]}}